{"id":196,"date":"2015-02-04T16:06:40","date_gmt":"2015-02-04T15:06:40","guid":{"rendered":"http:\/\/fanfarenzug-zell.de\/?page_id=196"},"modified":"2025-05-22T09:18:14","modified_gmt":"2025-05-22T07:18:14","slug":"auftritte-2","status":"publish","type":"page","link":"https:\/\/fanfarenzug-zell.de\/?page_id=196","title":{"rendered":"Termine"},"content":{"rendered":"<table style=\"width: 100%; height: 585px;\">\n<tbody>\n<tr style=\"height: 93px;\">\n<td style=\"width: 99.0476%; height: 93px;\" colspan=\"2\">\n<h1 style=\"text-align: center;\"><strong><span style=\"text-decoration: underline; font-size: 24pt; color: #ff0000; font-family: 'Times New Roman', Times;\">Termine<\/span><\/strong><\/h1>\n<\/td>\n<\/tr>\n<tr style=\"height: 37px;\">\n<td style=\"width: 40.3571%; height: 37px;\"><span style=\"color: #ff0000; font-size: 18pt;\">Datum<\/span><\/td>\n<td style=\"width: 58.6905%; height: 37px;\"><span style=\"color: #ff0000; font-size: 18pt;\">Veranstaltung<\/span><\/td>\n<\/tr>\n<tr style=\"height: 42px;\">\n<td style=\"width: 40.3571%; height: 10px;\"><\/td>\n<td style=\"width: 58.6905%; height: 10px;\"><\/td>\n<\/tr>\n<tr style=\"height: 33px;\">\n<td style=\"width: 40.3571%; height: 33px;\"><del>15.03.2025<\/del><\/td>\n<td style=\"width: 58.6905%; height: 33px;\"><del>Altpapiersammlung Zell i.W. Kernstadt<\/del><\/td>\n<\/tr>\n<tr style=\"height: 33px;\">\n<td style=\"width: 40.3571%; height: 33px;\"><del>30.03.2025<\/del><\/td>\n<td style=\"width: 58.6905%; height: 33px;\"><del>Deutsche Juniorenmeisterschaft RG Hausen-Zell<\/del><\/td>\n<\/tr>\n<tr style=\"height: 33px;\">\n<td style=\"width: 40.3571%; height: 33px;\"><del>30.04.2025<\/del><\/td>\n<td style=\"width: 58.6905%; height: 33px;\"><del>Maibaumstellen Gr\u00f6nl\u00e4nder<\/del><\/td>\n<\/tr>\n<tr style=\"height: 33px;\">\n<td style=\"width: 40.3571%; height: 33px;\"><del>01.05.2025<\/del><\/td>\n<td style=\"width: 58.6905%; height: 33px;\"><del>Maisch\u00e4nke Probelokal FZ Zell 1959 e.V.<\/del><\/td>\n<\/tr>\n<tr style=\"height: 33px;\">\n<td style=\"width: 40.3571%; height: 17px;\"><del>03.05.2025<\/del><\/td>\n<td style=\"width: 58.6905%; height: 17px;\"><del>Jubil\u00e4um FZ L\u00f6ffingen<\/del><\/td>\n<\/tr>\n<tr style=\"height: 33px;\">\n<td style=\"width: 40.3571%; height: 33px;\">14.06.2025<\/td>\n<td style=\"width: 58.6905%; height: 33px;\">Altpapiersammlung Zell i.W. Kernstadt<\/td>\n<\/tr>\n<tr style=\"height: 33px;\">\n<td style=\"width: 40.3571%; height: 33px;\">18.-20.07.2025<\/td>\n<td style=\"width: 58.6905%; height: 33px;\">Stadtjubil\u00e4um Zell i.W.<\/td>\n<\/tr>\n<tr style=\"height: 33px;\">\n<td style=\"width: 40.3571%; height: 33px;\">08.11.2025<\/td>\n<td style=\"width: 58.6905%; height: 33px;\">\u00d6lfte \u00d6lfte Zell i.W.<\/td>\n<\/tr>\n<tr style=\"height: 33px;\">\n<td style=\"width: 40.3571%; height: 33px;\">22.11.2025<\/td>\n<td style=\"width: 58.6905%; height: 33px;\">Altpapiersammlung Zell i.W. Kernstadt<\/td>\n<\/tr>\n<tr style=\"height: 33px;\">\n<td style=\"width: 40.3571%; height: 33px;\"><\/td>\n<td style=\"width: 58.6905%; height: 33px;\"><\/td>\n<\/tr>\n<tr style=\"height: 33px;\">\n<td style=\"width: 40.3571%; height: 32px;\"><\/td>\n<td style=\"width: 58.6905%; height: 32px;\"><\/td>\n<\/tr>\n<tr style=\"height: 33px;\">\n<td style=\"width: 40.3571%; height: 33px;\"><\/td>\n<td style=\"width: 58.6905%; height: 33px;\"><\/td>\n<\/tr>\n<tr style=\"height: 33px;\">\n<td style=\"width: 40.3571%; height: 33px;\"><\/td>\n<td style=\"width: 58.6905%; height: 33px;\"><\/td>\n<\/tr>\n<tr style=\"height: 33px;\">\n<td style=\"width: 40.3571%; height: 33px;\"><\/td>\n<td style=\"width: 58.6905%; height: 33px;\"><\/td>\n<\/tr>\n<\/tbody>\n<\/table>\n","protected":false},"excerpt":{"rendered":"<p>Termine Datum Veranstaltung 15.03.2025 Altpapiersammlung Zell i.W. Kernstadt 30.03.2025 Deutsche Juniorenmeisterschaft RG Hausen-Zell 30.04.2025 Maibaumstellen Gr\u00f6nl\u00e4nder 01.05.2025 Maisch\u00e4nke Probelokal FZ Zell 1959 e.V. 03.05.2025 Jubil\u00e4um FZ L\u00f6ffingen 14.06.2025 Altpapiersammlung Zell i.W. Kernstadt 18.-20.07.2025 Stadtjubil\u00e4um Zell i.W. 08.11.2025 \u00d6lfte \u00d6lfte Zell i.W. 22.11.2025 Altpapiersammlung Zell i.W. Kernstadt<\/p>\n","protected":false},"author":6,"featured_media":0,"parent":0,"menu_order":0,"comment_status":"closed","ping_status":"closed","template":"","meta":{"footnotes":""},"class_list":["post-196","page","type-page","status-publish","hentry"],"_links":{"self":[{"href":"https:\/\/fanfarenzug-zell.de\/index.php?rest_route=\/wp\/v2\/pages\/196","targetHints":{"allow":["GET"]}}],"collection":[{"href":"https:\/\/fanfarenzug-zell.de\/index.php?rest_route=\/wp\/v2\/pages"}],"about":[{"href":"https:\/\/fanfarenzug-zell.de\/index.php?rest_route=\/wp\/v2\/types\/page"}],"author":[{"embeddable":true,"href":"https:\/\/fanfarenzug-zell.de\/index.php?rest_route=\/wp\/v2\/users\/6"}],"replies":[{"embeddable":true,"href":"https:\/\/fanfarenzug-zell.de\/index.php?rest_route=%2Fwp%2Fv2%2Fcomments&post=196"}],"version-history":[{"count":92,"href":"https:\/\/fanfarenzug-zell.de\/index.php?rest_route=\/wp\/v2\/pages\/196\/revisions"}],"predecessor-version":[{"id":2386,"href":"https:\/\/fanfarenzug-zell.de\/index.php?rest_route=\/wp\/v2\/pages\/196\/revisions\/2386"}],"wp:attachment":[{"href":"https:\/\/fanfarenzug-zell.de\/index.php?rest_route=%2Fwp%2Fv2%2Fmedia&parent=196"}],"curies":[{"name":"wp","href":"https:\/\/api.w.org\/{rel}","templated":true}]}}