{"id":252,"date":"2015-02-05T17:52:16","date_gmt":"2015-02-05T16:52:16","guid":{"rendered":"http:\/\/fanfarenzug-zell.de\/?page_id=252"},"modified":"2025-03-08T00:22:14","modified_gmt":"2025-03-07T23:22:14","slug":"impressum","status":"publish","type":"page","link":"https:\/\/fanfarenzug-zell.de\/?page_id=252","title":{"rendered":"Impressum"},"content":{"rendered":"<p style=\"text-align: center;\"><span style=\"font-family: 'Times New Roman', Times; color: #ff0000;\"><strong><span style=\"font-size: 24pt; text-decoration: underline;\">Impressum<\/span><\/strong><\/span><\/p>\n<table style=\"height: 325px;\" width=\"530\">\n<tbody>\n<tr>\n<td width=\"307\"><span style=\"color: #ff0000;\">Vereinsname :<\/span><\/td>\n<td width=\"307\">Fanfarenzug Zell 1959 e.V.<\/td>\n<\/tr>\n<tr>\n<td width=\"307\"><span style=\"color: #ff0000;\">Anschrift :<\/span><\/td>\n<td width=\"307\">Frank Hutschenreuter<br \/>\nBahnhofstr. 15<br \/>\n79669 Zell im Wiesental\/BW<\/td>\n<\/tr>\n<tr>\n<td width=\"307\"><span style=\"color: #ff0000;\">Vereinsregister\/Registernummer :<\/span><\/td>\n<td width=\"307\">VR 660186<\/td>\n<\/tr>\n<tr>\n<td width=\"307\"><span style=\"color: #ff0000;\">Verantwortlich im Sinne des Presserechts:<\/span><\/td>\n<td width=\"307\">Fanfarenzug Zell 1959 e.V.<br \/>\nFrank Hutschenreuter<br \/>\nBahnhofstr. 15<br \/>\n79669 Zell im Wiesental\/BW<\/td>\n<\/tr>\n<tr>\n<td width=\"307\"><span style=\"color: #ff0000;\">Konzeption u. Webdesign :<\/span><\/td>\n<td width=\"307\">Riccardo, Di Franco<\/td>\n<\/tr>\n<\/tbody>\n<\/table>\n<p>Der Fanfarenzug Zell 1959 e.V. betreibt die Domain: http:\/\/www.fanfarenzug-zell.de Der Fanfarenzug Zell 1959 e.V. tr\u00e4gt die volle Verantwortung f\u00fcr den Inhalt dieser Seite (verantwortlich gem\u00e4\u00df MDStV; V. i. S. d. P.) und ist auch der alleinige Betreiber dieser Webseite. Trotz sorgf\u00e4ltiger Pr\u00fcfung der Inhalte garantiert der Fanfarenzug Zell 1959 e.V. keine Vollst\u00e4ndigkeit und \u00fcbernimmt keine Haftung f\u00fcr Inhalte. \u00c4nderungen vorbehalten.<\/p>\n<p>Urheberrecht: Die Inhalte dieser Seite unterliegen dem Urheberrecht. Jegliche Verwendung im Ganzen oder in Teilen der auf dieser Website befindlichen Texte, Fotos oder Grafiken, Bilder und Logos ist nur nach ausdr\u00fccklicher und schriftlicher Genehmigung der Autoren, Urheber oder inhaltlich verantwortlichen Personen gestattet. Die Rechte an den (gesch\u00fctzten) Marken, Abbildungen und Logos der Spiele und Spieleverlage liegen bei den entsprechenden Unternehmen. Der Fanfarenzug Zell 1959 e.V. haftet nicht f\u00fcr bereitgestellte Informationen: Alle Angaben dieser Webseiten erfolgen nach bestem Wissen und Gewissen und werden vor der Ver\u00f6ffentlichung \u00fcberpr\u00fcft. Trotzdem k\u00f6nnen auch uns Fehler unterlaufen oder sich beispielsweise Termine und Orte von Veranstaltungen ohne unser Wissen \u00e4ndern. Daher \u00fcbernehmen wir keine Haftung f\u00fcr die Richtigkeit, Vollst\u00e4ndigkeit und Aktualit\u00e4t der Angaben auf diesen Webseiten. Der Fanfarenzug Zell 1959 e.V. haftet nicht f\u00fcr fremde Inhalte: Verschiedene unserer Webseiten k\u00f6nnen Links zu anderen Webseiten enthalten. Dabei handelt es sich in der Regel um Quellenangaben und um Empfehlungen unsererseits auf kommerzielle und nicht-kommerzielle Angebote. Diese Seiten werden nicht vom Fanfarenzug Zell 1959 e.V. gestaltet und k\u00f6nnen sich jederzeit auch ohne Kenntnis des Fanfarenzug Zell 1959 e.V. \u00e4ndern; wir \u00fcbernehmen daher keinerlei Haftung f\u00fcr den Inhalt der von uns verlinkten Seiten. Es liegt in der Natur der Sache und des Internets, dass die Gestaltung und die Inhalte dieser Seiten alleine in der Verantwortung der jeweiligen Webmaster liegen. Sollte es jedoch vorkommen, dass sich auf einer der von uns verlinkten Seiten bel\u00e4stigende, rechtswidrige oder sonstwie unseri\u00f6se Inhalte befinden, so distanziert sich der Fanfarenzug Zell 1959 e.V. ausdr\u00fccklich von diesen.<\/p>\n<p>Fanfarenzug Zell 1959\u00a0e.V.<\/p>\n","protected":false},"excerpt":{"rendered":"<p>Impressum Vereinsname : Fanfarenzug Zell 1959 e.V. Anschrift : Frank Hutschenreuter Bahnhofstr. 15 79669 Zell im Wiesental\/BW Vereinsregister\/Registernummer : VR 660186 Verantwortlich im Sinne des Presserechts: Fanfarenzug Zell 1959 e.V. Frank Hutschenreuter Bahnhofstr. 15 79669 Zell im Wiesental\/BW Konzeption u. Webdesign : Riccardo, Di Franco Der Fanfarenzug Zell 1959 e.V. betreibt die Domain: http:\/\/www.fanfarenzug-zell.de Der [&hellip;]<\/p>\n","protected":false},"author":5,"featured_media":0,"parent":0,"menu_order":0,"comment_status":"closed","ping_status":"closed","template":"","meta":{"footnotes":""},"class_list":["post-252","page","type-page","status-publish","hentry"],"_links":{"self":[{"href":"https:\/\/fanfarenzug-zell.de\/index.php?rest_route=\/wp\/v2\/pages\/252","targetHints":{"allow":["GET"]}}],"collection":[{"href":"https:\/\/fanfarenzug-zell.de\/index.php?rest_route=\/wp\/v2\/pages"}],"about":[{"href":"https:\/\/fanfarenzug-zell.de\/index.php?rest_route=\/wp\/v2\/types\/page"}],"author":[{"embeddable":true,"href":"https:\/\/fanfarenzug-zell.de\/index.php?rest_route=\/wp\/v2\/users\/5"}],"replies":[{"embeddable":true,"href":"https:\/\/fanfarenzug-zell.de\/index.php?rest_route=%2Fwp%2Fv2%2Fcomments&post=252"}],"version-history":[{"count":41,"href":"https:\/\/fanfarenzug-zell.de\/index.php?rest_route=\/wp\/v2\/pages\/252\/revisions"}],"predecessor-version":[{"id":2384,"href":"https:\/\/fanfarenzug-zell.de\/index.php?rest_route=\/wp\/v2\/pages\/252\/revisions\/2384"}],"wp:attachment":[{"href":"https:\/\/fanfarenzug-zell.de\/index.php?rest_route=%2Fwp%2Fv2%2Fmedia&parent=252"}],"curies":[{"name":"wp","href":"https:\/\/api.w.org\/{rel}","templated":true}]}}