{"id":297,"date":"2015-02-06T14:12:09","date_gmt":"2015-02-06T13:12:09","guid":{"rendered":"http:\/\/fanfarenzug-zell.de\/?page_id=297"},"modified":"2025-03-08T00:07:22","modified_gmt":"2025-03-07T23:07:22","slug":"startseite","status":"publish","type":"page","link":"https:\/\/fanfarenzug-zell.de\/","title":{"rendered":"Startseite"},"content":{"rendered":"<div align=\"center\">\n<div align=\"center\">\n<h4><\/h4>\n<p><span style=\"font-size: 14pt;\">Herzlich Willkommen auf der Homepage des Fanfarenug Zell i.W. 1959 e.V.<\/span><\/p>\n<p><span style=\"font-size: 14pt;\">Auf den Seiten unseres Vereines finden sie alle wichtigen und vielleicht nicht ganz so wichtigen Informationen \u00fcber uns.<\/span><\/p>\n<p><span style=\"font-size: 14pt;\">Sollten sie Interesse an einer aktiven Mitgliedschaft haben, kommen sie einfach mal am Freitag um 20 Uhr bei uns im Proberaum vorbei oder wenden sie sich einfach an eine Adresse aus unserer Kontaktinfo (Unterer Bereich unserer Hompage).<\/span><\/p>\n<p><span style=\"font-size: 14pt;\">Wir w\u00fcnschen ihnen auf jeden Fall eine sch\u00f6ne Zeit auf unseren Seiten und w\u00fcrden uns \u00fcber einen Eintrag\u00a0in unserem\u00a0G\u00e4stebuch sehr freuen.<\/span><\/p>\n<p><span style=\"font-size: 14pt;\">Ihr Fanfarenzug Zell i.W. 1959 e.V.<\/span><\/p>\n<p><a href=\"https:\/\/www.facebook.com\/ffz1959\"><img loading=\"lazy\" decoding=\"async\" class=\"alignnone wp-image-2002\" src=\"http:\/\/fanfarenzug-zell.de\/wp-content\/uploads\/2020\/05\/Facebook.jpg\" alt=\"Fanfarenzug Zell i.W. 1959 e.V. auf Facebook\" width=\"30\" height=\"30\" srcset=\"https:\/\/fanfarenzug-zell.de\/wp-content\/uploads\/2020\/05\/Facebook.jpg 110w, https:\/\/fanfarenzug-zell.de\/wp-content\/uploads\/2020\/05\/Facebook-1x1.jpg 1w\" sizes=\"auto, (max-width: 30px) 100vw, 30px\" \/>\u00a0\u00a0\u00a0\u00a0<\/a> <a href=\"https:\/\/www.instagram.com\/fanfarenzugzell_1959\/ \"><img loading=\"lazy\" decoding=\"async\" class=\"alignnone wp-image-2001\" src=\"http:\/\/fanfarenzug-zell.de\/wp-content\/uploads\/2020\/05\/instagram.png\" alt=\"Fanfarenzug Zell i.W. 1959 e.V. auf Instagram\" width=\"30\" height=\"30\" srcset=\"https:\/\/fanfarenzug-zell.de\/wp-content\/uploads\/2020\/05\/instagram.png 64w, https:\/\/fanfarenzug-zell.de\/wp-content\/uploads\/2020\/05\/instagram-1x1.png 1w\" sizes=\"auto, (max-width: 30px) 100vw, 30px\" \/><\/a><\/p>\n<h4><a href=\"http:\/\/www.pifferietamburibaiodora.it\/\"><img loading=\"lazy\" decoding=\"async\" class=\"wp-image-2075  aligncenter\" src=\"http:\/\/fanfarenzug-zell.de\/wp-content\/uploads\/2021\/02\/BaioDora-1-300x91.jpg\" alt=\"\" width=\"386\" height=\"117\" srcset=\"https:\/\/fanfarenzug-zell.de\/wp-content\/uploads\/2021\/02\/BaioDora-1-300x91.jpg 300w, https:\/\/fanfarenzug-zell.de\/wp-content\/uploads\/2021\/02\/BaioDora-1-3x1.jpg 3w, https:\/\/fanfarenzug-zell.de\/wp-content\/uploads\/2021\/02\/BaioDora-1.jpg 311w\" sizes=\"auto, (max-width: 386px) 100vw, 386px\" \/><\/a><a href=\"https:\/\/www.facebook.com\/groups\/1219966334730296\/\"><img loading=\"lazy\" decoding=\"async\" class=\"alignnone wp-image-2078 \" src=\"http:\/\/fanfarenzug-zell.de\/wp-content\/uploads\/2021\/02\/J_amis_d_Albian-300x89.jpg\" alt=\"\" width=\"347\" height=\"103\" srcset=\"https:\/\/fanfarenzug-zell.de\/wp-content\/uploads\/2021\/02\/J_amis_d_Albian-300x89.jpg 300w, https:\/\/fanfarenzug-zell.de\/wp-content\/uploads\/2021\/02\/J_amis_d_Albian-768x227.jpg 768w, https:\/\/fanfarenzug-zell.de\/wp-content\/uploads\/2021\/02\/J_amis_d_Albian-3x1.jpg 3w, https:\/\/fanfarenzug-zell.de\/wp-content\/uploads\/2021\/02\/J_amis_d_Albian.jpg 897w\" sizes=\"auto, (max-width: 347px) 100vw, 347px\" \/><\/a><\/h4>\n<h4><span style=\"font-size: 12pt;\">Der Fanfarenzug Zell 1959 e.V.\u00a0ist <\/span><\/h4>\n<h4><span style=\"font-size: 12pt;\">Mitglied im Landesverband der Spielmanns- und Fanfarenz\u00fcge <\/span><\/h4>\n<h4><span style=\"font-size: 12pt;\">Baden-W\u00fcrttemberg 1957e.V. <span style=\"font-family: 'Times New Roman', Times;\"><span style=\"color: #000000;\">(<span style=\"color: #ff0000;\"><a style=\"color: #ff0000;\" href=\"http:\/\/www.spielleutemusik.com\" target=\"_blank\" rel=\"noopener noreferrer\">www.spielleutemusik<\/a><\/span><\/span><span style=\"color: #000000;\"><span style=\"color: #ff0000;\"><a style=\"color: #ff0000;\" href=\"http:\/\/www.spielleutemusik.com\" target=\"_blank\" rel=\"noopener noreferrer\">.com<\/a><\/span><\/span><span style=\"color: #000000;\">)<\/span><\/span><\/span><\/h4>\n<\/div>\n<p style=\"text-align: center;\"><span style=\"color: #000000; font-size: 12pt; font-family: poly;\">\u00a0<\/span><\/p>\n<\/div>\n","protected":false},"excerpt":{"rendered":"<p>Herzlich Willkommen auf der Homepage des Fanfarenug Zell i.W. 1959 e.V. Auf den Seiten unseres Vereines finden sie alle wichtigen und vielleicht nicht ganz so wichtigen Informationen \u00fcber uns. Sollten sie Interesse an einer aktiven Mitgliedschaft haben, kommen sie einfach mal am Freitag um 20 Uhr bei uns im Proberaum vorbei oder wenden sie sich [&hellip;]<\/p>\n","protected":false},"author":5,"featured_media":0,"parent":0,"menu_order":0,"comment_status":"closed","ping_status":"closed","template":"","meta":{"footnotes":""},"class_list":["post-297","page","type-page","status-publish","hentry"],"_links":{"self":[{"href":"https:\/\/fanfarenzug-zell.de\/index.php?rest_route=\/wp\/v2\/pages\/297","targetHints":{"allow":["GET"]}}],"collection":[{"href":"https:\/\/fanfarenzug-zell.de\/index.php?rest_route=\/wp\/v2\/pages"}],"about":[{"href":"https:\/\/fanfarenzug-zell.de\/index.php?rest_route=\/wp\/v2\/types\/page"}],"author":[{"embeddable":true,"href":"https:\/\/fanfarenzug-zell.de\/index.php?rest_route=\/wp\/v2\/users\/5"}],"replies":[{"embeddable":true,"href":"https:\/\/fanfarenzug-zell.de\/index.php?rest_route=%2Fwp%2Fv2%2Fcomments&post=297"}],"version-history":[{"count":34,"href":"https:\/\/fanfarenzug-zell.de\/index.php?rest_route=\/wp\/v2\/pages\/297\/revisions"}],"predecessor-version":[{"id":2374,"href":"https:\/\/fanfarenzug-zell.de\/index.php?rest_route=\/wp\/v2\/pages\/297\/revisions\/2374"}],"wp:attachment":[{"href":"https:\/\/fanfarenzug-zell.de\/index.php?rest_route=%2Fwp%2Fv2%2Fmedia&parent=297"}],"curies":[{"name":"wp","href":"https:\/\/api.w.org\/{rel}","templated":true}]}}