{"id":331,"date":"2015-02-07T15:04:52","date_gmt":"2015-02-07T14:04:52","guid":{"rendered":"http:\/\/fanfarenzug-zell.de\/?page_id=331"},"modified":"2025-03-07T23:31:21","modified_gmt":"2025-03-07T22:31:21","slug":"aktive-mitglieder","status":"publish","type":"page","link":"https:\/\/fanfarenzug-zell.de\/?page_id=331","title":{"rendered":"Aktive Mitglieder"},"content":{"rendered":"<table style=\"width: 100%;\">\n<tbody>\n<tr>\n<td style=\"width: 98.61%;\" colspan=\"2\" width=\"376\">\n<p style=\"text-align: center;\"><strong><span style=\"text-decoration: underline; font-size: 24pt;\"><span style=\"color: #ff0000; text-decoration: underline;\">Aktive Mitglieder<\/span><\/span><\/strong><\/p>\n<\/td>\n<\/tr>\n<tr>\n<td style=\"width: 48.79%;\" width=\"168\"><span style=\"color: #ff0000; font-size: 12pt;\">1. Tambourmajor:<\/span><\/td>\n<td style=\"width: 49.82%;\" width=\"208\"><span style=\"font-size: 12pt;\">G\u00f6tz, Raimund<\/span><\/td>\n<\/tr>\n<tr>\n<td style=\"width: 48.79%;\" width=\"168\"><span style=\"color: #ff0000; font-size: 12pt;\">\u00a0<\/span><\/td>\n<td style=\"width: 49.82%;\" width=\"208\"><\/td>\n<\/tr>\n<tr>\n<td style=\"width: 48.79%;\"><span style=\"color: #ff0000; font-size: 12pt;\">2. Tambourmajor:<\/span><\/td>\n<td style=\"width: 49.82%;\"><span style=\"font-size: 12pt;\">Fritz, Marcus<\/span><\/td>\n<\/tr>\n<tr>\n<td style=\"width: 48.79%;\"><span style=\"color: #ff0000; font-size: 12pt;\">\u00a0<\/span><\/td>\n<td style=\"width: 49.82%;\"><\/td>\n<\/tr>\n<tr>\n<td style=\"width: 48.79%;\" width=\"168\"><span style=\"color: #ff0000; font-size: 12pt;\">1. Stimme<\/span><\/td>\n<td style=\"width: 49.82%;\" width=\"208\"><span style=\"font-size: 12pt;\">Accumanno, Luciano<\/span><br \/>\n<span style=\"font-size: 12pt;\">Hamann, Matthias<\/span><br \/>\n<span style=\"font-size: 12pt;\">Nagel, Christian<\/span><br \/>\n<span style=\"font-size: 12pt;\">St\u00f6ffler, Thomas<\/span><br \/>\n<span style=\"font-size: 12pt;\">Wolf, Frank<\/span><\/td>\n<\/tr>\n<tr>\n<td style=\"width: 48.79%;\" width=\"168\"><span style=\"color: #ff0000; font-size: 12pt;\">\u00a0<\/span><\/td>\n<td style=\"width: 49.82%;\" width=\"208\"><\/td>\n<\/tr>\n<tr>\n<td style=\"width: 48.79%;\" width=\"168\"><span style=\"color: #ff0000; font-size: 12pt;\">2. Stimme:<\/span><\/td>\n<td style=\"width: 49.82%;\" width=\"208\"><span style=\"font-size: 12pt;\">Bialas, Jutta<\/span><br \/>\n<span style=\"font-size: 12pt;\">Mistry, Anett<\/span><\/td>\n<\/tr>\n<tr>\n<td style=\"width: 48.79%;\" width=\"168\"><span style=\"color: #ff0000; font-size: 12pt;\">\u00a0<\/span><\/td>\n<td style=\"width: 49.82%;\" width=\"208\"><\/td>\n<\/tr>\n<tr>\n<td style=\"width: 48.79%;\" width=\"168\"><span style=\"color: #ff0000; font-size: 12pt;\">3. Stimme:<\/span><\/td>\n<td style=\"width: 49.82%;\" width=\"208\"><span style=\"font-size: 12pt;\">Sitter, Sabine<\/span><br \/>\n<span style=\"font-size: 12pt;\">Wolf, Dominik<\/span><br \/>\n<span style=\"font-size: 12pt;\">Wolf, Heike<\/span><\/td>\n<\/tr>\n<tr>\n<td style=\"width: 48.79%;\" width=\"168\"><\/td>\n<td style=\"width: 49.82%;\" width=\"208\"><\/td>\n<\/tr>\n<tr>\n<td style=\"width: 48.79%;\" width=\"168\"><span style=\"color: #ff0000; font-size: 12pt;\">B\u00e4sse:<\/span><\/td>\n<td style=\"width: 49.82%;\" width=\"208\"><span style=\"font-size: 12pt;\">Hutschenreuter, Frank<\/span><br \/>\n<span style=\"font-size: 12pt;\">Bialas, Volkmar<\/span><br \/>\n<span style=\"font-size: 12pt;\">Schmidt, J\u00fcrgen<\/span><br \/>\n<span style=\"font-size: 12pt;\">G\u00f6tz, Raimund<br \/>\nVater, Markus<br \/>\n<\/span><\/td>\n<\/tr>\n<tr>\n<td style=\"width: 48.79%;\" width=\"168\"><span style=\"color: #ff0000; font-size: 12pt;\">\u00a0<\/span><\/td>\n<td style=\"width: 49.82%;\" width=\"208\"><\/td>\n<\/tr>\n<tr>\n<td style=\"width: 48.79%;\" width=\"168\"><span style=\"color: #ff0000; font-size: 12pt;\">Landsknechtstrommel:<\/span><\/td>\n<td style=\"width: 49.82%;\" width=\"208\"><span style=\"font-size: 12pt;\">Accumanno, Fabio<\/span><br \/>\n<span style=\"font-size: 12pt;\">Di Franco, Riccardo<\/span><br \/>\n<span style=\"font-size: 12pt;\">Leimgruber, Bernd<\/span><br \/>\n<span style=\"font-size: 12pt;\">Sch\u00e4uble, Adrian<\/span><br \/>\n<span style=\"font-size: 12pt;\">Sprich, Klaus<\/span><\/td>\n<\/tr>\n<tr>\n<td style=\"width: 48.79%;\" width=\"168\"><span style=\"color: #ff0000; font-size: 12pt;\">\u00a0<\/span><\/td>\n<td style=\"width: 49.82%;\" width=\"208\"><\/td>\n<\/tr>\n<tr>\n<td style=\"width: 48.79%;\" width=\"168\"><span style=\"color: #ff0000; font-size: 12pt;\">Marschtrommel:<\/span><\/td>\n<td style=\"width: 49.82%;\" width=\"208\"><span style=\"font-size: 12pt;\">Fritz, Marcus<\/span><br \/>\n<span style=\"font-size: 12pt;\">L\u00f6ffler, Michael<\/span><br \/>\n<span style=\"font-size: 12pt;\">Mistry, Roger<\/span><br \/>\n<span style=\"font-size: 12pt;\">Vater, Sabine<br \/>\nAccumanno, Susann<br \/>\n<\/span><\/td>\n<\/tr>\n<tr>\n<td style=\"width: 48.79%;\" width=\"168\"><span style=\"color: #ff0000; font-size: 12pt;\">\u00a0<\/span><\/td>\n<td style=\"width: 49.82%;\" width=\"208\"><\/td>\n<\/tr>\n<tr>\n<td style=\"width: 48.79%;\" width=\"168\"><span style=\"color: #ff0000; font-size: 12pt;\">Fahnenschwingerinnen:<\/span><\/td>\n<td style=\"width: 49.82%;\" width=\"208\"><span style=\"font-size: 12pt;\">Echle, Lucy<\/span><br \/>\n<span style=\"font-size: 12pt;\">Kiefer, Alina<\/span><br \/>\n<span style=\"font-size: 12pt;\">Phillip, Sabine<\/span><br \/>\n<span style=\"font-size: 12pt;\">Phillip, Larissa<\/span><br \/>\n<span style=\"font-size: 12pt;\">Sch\u00e4uble, Regina<\/span><br \/>\n<span style=\"font-size: 12pt;\">St\u00f6ffler, Rosalie<\/span><br \/>\n<span style=\"font-size: 12pt;\">Vater, Diana<\/span><\/td>\n<\/tr>\n<tr>\n<td style=\"width: 48.79%;\" width=\"168\"><\/td>\n<td style=\"width: 49.82%;\" width=\"208\"><\/td>\n<\/tr>\n<tr>\n<td style=\"width: 48.79%;\" width=\"168\"><span style=\"color: #ff0000; font-size: 12pt;\">Becken:<\/span><\/td>\n<td style=\"width: 49.82%;\" width=\"208\"><span style=\"font-size: 12pt;\">Martorana, Michele<\/span><\/td>\n<\/tr>\n<tr>\n<td style=\"width: 48.79%;\" width=\"168\"><span style=\"color: #ff0000; font-size: 12pt;\">\u00a0<\/span><\/td>\n<td style=\"width: 49.82%;\" width=\"208\"><\/td>\n<\/tr>\n<tr>\n<td style=\"width: 48.79%;\" width=\"168\"><span style=\"color: #ff0000; font-size: 12pt;\">Fahnentr\u00e4ger:<\/span><\/td>\n<td style=\"width: 49.82%;\" width=\"208\"><span style=\"font-size: 12pt;\">B\u00f6hler, Tobias<\/span><\/td>\n<\/tr>\n<\/tbody>\n<\/table>\n","protected":false},"excerpt":{"rendered":"<p>Aktive Mitglieder 1. Tambourmajor: G\u00f6tz, Raimund \u00a0 2. Tambourmajor: Fritz, Marcus \u00a0 1. Stimme Accumanno, Luciano Hamann, Matthias Nagel, Christian St\u00f6ffler, Thomas Wolf, Frank \u00a0 2. Stimme: Bialas, Jutta Mistry, Anett \u00a0 3. Stimme: Sitter, Sabine Wolf, Dominik Wolf, Heike B\u00e4sse: Hutschenreuter, Frank Bialas, Volkmar Schmidt, J\u00fcrgen G\u00f6tz, Raimund Vater, Markus \u00a0 Landsknechtstrommel: Accumanno, Fabio [&hellip;]<\/p>\n","protected":false},"author":5,"featured_media":0,"parent":0,"menu_order":0,"comment_status":"closed","ping_status":"closed","template":"","meta":{"footnotes":""},"class_list":["post-331","page","type-page","status-publish","hentry"],"_links":{"self":[{"href":"https:\/\/fanfarenzug-zell.de\/index.php?rest_route=\/wp\/v2\/pages\/331","targetHints":{"allow":["GET"]}}],"collection":[{"href":"https:\/\/fanfarenzug-zell.de\/index.php?rest_route=\/wp\/v2\/pages"}],"about":[{"href":"https:\/\/fanfarenzug-zell.de\/index.php?rest_route=\/wp\/v2\/types\/page"}],"author":[{"embeddable":true,"href":"https:\/\/fanfarenzug-zell.de\/index.php?rest_route=\/wp\/v2\/users\/5"}],"replies":[{"embeddable":true,"href":"https:\/\/fanfarenzug-zell.de\/index.php?rest_route=%2Fwp%2Fv2%2Fcomments&post=331"}],"version-history":[{"count":22,"href":"https:\/\/fanfarenzug-zell.de\/index.php?rest_route=\/wp\/v2\/pages\/331\/revisions"}],"predecessor-version":[{"id":2356,"href":"https:\/\/fanfarenzug-zell.de\/index.php?rest_route=\/wp\/v2\/pages\/331\/revisions\/2356"}],"wp:attachment":[{"href":"https:\/\/fanfarenzug-zell.de\/index.php?rest_route=%2Fwp%2Fv2%2Fmedia&parent=331"}],"curies":[{"name":"wp","href":"https:\/\/api.w.org\/{rel}","templated":true}]}}