{"id":95,"date":"2015-02-01T18:19:14","date_gmt":"2015-02-01T17:19:14","guid":{"rendered":"http:\/\/fanfarenzug-zell.de\/?page_id=95"},"modified":"2025-03-08T00:10:08","modified_gmt":"2025-03-07T23:10:08","slug":"chronik-3","status":"publish","type":"page","link":"https:\/\/fanfarenzug-zell.de\/?page_id=95","title":{"rendered":"Chronik"},"content":{"rendered":"<p style=\"text-align: center;\"><span style=\"font-family: 'Times New Roman', Times; font-size: 24pt; color: #ff0000;\"><strong><u>Chronik<br \/>\n<\/u><\/strong><\/span><span style=\"font-family: 'Times New Roman', Times; font-size: 24pt; color: #ff0000;\"><strong><u>Fanfarenzug Zell i. W. 1959 e.V.<\/u><\/strong><\/span><\/p>\n<p><span style=\"font-size: 12pt;\">Von der Schlachthausmusik zum Weltenbummler,<\/span><\/p>\n<p><span style=\"font-size: 12pt;\">1959 machte sich der damalige Pr\u00e4sident der Fasnachtsgesellschaft Zell (FGZ), Peter Pospiech, ernsthafte Gedanken um die Gr\u00fcndung einer eigenen Musikgruppe f\u00fcr die 5. Zeller Jahreszeit. Da es damals Mode war Fanfarenz\u00fcge zu gr\u00fcnden, entschloss sich auch die FGZ einen solchen Fanfarenzug mit Leben zu erf\u00fcllen.<\/span><\/p>\n<p><span style=\"font-size: 12pt;\">Gesagt &#8211; getan, die ersten M\u00e4nner wurden gefunden, in der Garage von Peter Pospiech in Freiatzenbach die Fanfaren und Trommeln ausgepackt und man machte gleich auf sich aufmerksam. Der erste Umzug f\u00fchrte vorbei am Schlachthaus, was sp\u00e4ter den Kosenamen \u201cSchlachthausmusik\u201d einbrachte, zum Schnetzerwald und von dort zur Roten Fabrik Richtung Stadtmitte. \u00dcber die Rathausgasse und den Blauener Weg ging es ins K\u00fchloch zur ersten Probe.<\/span><\/p>\n<p><span style=\"font-size: 12pt;\">Am 11.11.1959 stellte sich der Fanfarenzug dann anl\u00e4sslich der Fasnachtser\u00f6ffnung im\u00a0L\u00f6wensaal erstmals mit den M\u00e4rschen 1-er, 2-er, und 3-er \u00f6ffentlich vor.<\/span><\/p>\n<p><span style=\"font-size: 12pt;\"><a href=\"http:\/\/fanfarenzug-zell.de\/wp-content\/uploads\/2015\/02\/image001.jpg\"><img loading=\"lazy\" decoding=\"async\" src=\"http:\/\/fanfarenzug-zell.de\/wp-content\/uploads\/2015\/02\/image001-1024x664.jpg\" alt=\"image001\" width=\"654\" height=\"424\" \/><\/a><\/span><\/p>\n<p><span style=\"font-size: 12pt;\">1964 entwarf der Zeller K\u00fcnstler Kurt Winkler, wie auch sp\u00e4ter f\u00fcr unsere Fahnenschwingerinnen, die heutigen schmucken Uniformen, welche im Laufe der Jahre zu dem Markenzeichen des Fanfarenzugs wurden und noch heute \u00fcberall Bewunderung ausl\u00f6sen.<\/span><\/p>\n<p><span style=\"font-size: 12pt;\">Erste interne Probleme und Missstimmungen mit dem Pr\u00e4sidium der FGZ traten 1965\/66 auf und in einer FGZ-Pr\u00e4sidiumssitzung unter Leitung des Pr\u00e4sidenten Hans Fr\u00e4ulin ging es dann 1966 um Sein oder Nichtsein des Fanfarenzugs. Mit dem Ergebnis, dass Herbert Kummle in jener turbulenten Sitzung die F\u00fchrung des Vereins \u00fcbernahm.<\/span><\/p>\n<p><span style=\"font-size: 12pt;\">Der kontinuierliche Aufstieg des Vereins begann. Im Kohlenkeller von Herbert Kummle entstand 1967 die Keimzelle des Vereins, der legend\u00e4re \u201c Fanfarenzug Keller \u201d. Zwei Jahre sp\u00e4ter wurde ein Jugendfanfarenzug gegr\u00fcndet.<\/span><\/p>\n<p><span style=\"font-size: 12pt;\">1970 war ein ereignisreiches Jahr. Das 10-j\u00e4hrige Jubil\u00e4um wurde nachgefeiert, in der neuen Realschule wurde erstmals ein richtiges Probelokal bezogen und in einer heftigen und langen Nachtsitzung wurde die M\u00e4nnerherrschaft im Verein beendet, denn es wurde beschlossen auch Ehefrauen der Aktiven im Verein aufzunehmen. Es entstand eine Fahnenschwingerinnen- bzw. Rhythmusgruppe, die erstmals am 11.11.1970 vorgestellt wurde. Das Vorhaben der Vorstandschaft auch noch einen M\u00e4dchenfanfarenzug zu gr\u00fcnden, musste dann jedoch trotz gro\u00dfem Interesse aus finanziellen Gr\u00fcnden abgesagt werden.<\/span><\/p>\n<p><span style=\"font-size: 12pt;\">Herbert Kummle infizierte dann 1972 seinen Fanfarenzug mit dem gro\u00dfen Traum, der da hie\u00df: \u201cTeilnahme an der Steubenparade in New York\u201d. Man kann sich heute nur noch schwerlich vorstellen was diese Vision damals bedeutete und welche Emotionen sie im Verein weckte. Von au\u00dfen als &#8222;Spinner&#8220; bel\u00e4chelt, setzte man sich trotzdem das Ziel 1977 oder &#8217;78 den Traum umzusetzen. Voller Eifer st\u00fcrzten sich die Aktiven in die Arbeit. U. a. wurde erstmals Altpapier gesammelt und 1,2 Millionen Werbebriefe von Hand verpackt. 1973 nach einer Probe beschloss eine gem\u00fctlichen Runde im Gasthaus Schwannen zur vorger\u00fcckten Stunde bereits 1975 nach Amerika zu reisen. Dies geschah dann auch am 18.09.1975 als um 11:50 Uhr in Stuttgart ein Jumbojet mit dem Zeller Fanfarenzug Richtung Amerika abhob. Die Flugangst muss gro\u00df gewesen sein, denn der Erz\u00e4hlung nach soll dies der erste Jumbo gewesen sein, der ohne Tropfen Alkohol an Bord in New York landete. New York, Philadelphia, Washington und Baltimore hie\u00dfen die Tourneeziele. Der Traum war wahr geworden.<\/span><\/p>\n<p><span style=\"font-size: 12pt;\"><a href=\"http:\/\/fanfarenzug-zell.de\/wp-content\/uploads\/2015\/02\/image003.jpg\"><img loading=\"lazy\" decoding=\"async\" src=\"http:\/\/fanfarenzug-zell.de\/wp-content\/uploads\/2015\/02\/image003-1024x601.jpg\" alt=\"image003\" width=\"654\" height=\"384\" \/><\/a><\/span><\/p>\n<p><span style=\"font-size: 12pt;\">1976 erfolgte der Umzug des Probenlokals aus der Realschule in die neue Hauptschule und als neues Ziel wurde eine Reise nach Kanada 1980 festgelegt. Welche im August 1980 zusammen mit einer Abteilung der H\u00e4ger Trachtenmusik und -gruppe durchgef\u00fchrt wurde.<\/span><\/p>\n<p><span style=\"font-size: 12pt;\">Toronto, Niagara-Falls und London, wo viele Ex-Zeller lebten, waren die H\u00f6hepunkte.<\/span><\/p>\n<p><span style=\"font-size: 12pt;\"><a href=\"http:\/\/fanfarenzug-zell.de\/wp-content\/uploads\/2015\/02\/image005.jpg\"><img loading=\"lazy\" decoding=\"async\" src=\"http:\/\/fanfarenzug-zell.de\/wp-content\/uploads\/2015\/02\/image005-1024x733.jpg\" alt=\"image005\" width=\"654\" height=\"468\" \/><\/a><\/span><\/p>\n<p><span style=\"font-size: 12pt;\">1984 wurde der 25. Geburtstag des Vereins gefeiert. 20 Tage dauerte dann im Juli 1987 die 2. Kanadareise, bei der au\u00dfer den vorgenannten Orten auch die Kanadische Hauptstadt Ottawa und die Olympiastadt Montreal besucht wurden.<\/span><\/p>\n<p><span style=\"font-size: 12pt;\">Die l\u00e4ngste Reise des Vereins wurde nachtr\u00e4glich \u00fcberschattet vom all zu fr\u00fchen Tod des damaligen Tambours G\u00fcnter St\u00f6ffler Anfang 1988. Raimund G\u00f6tz \u00fcbernahm das schwere Erbe und hat das Amt heute noch inne.<\/span><\/p>\n<p><span style=\"font-size: 12pt;\">In der Generalversammlung des 30. Vereinsjahr viel am 28.10.89 mit 24 Ja- und 1 Nein-Stimme, bei 5 Enthaltungen, die endg\u00fcltige M\u00e4nnervorherrschaft im Zug und seither d\u00fcrfen M\u00e4dchen und Frauen dem Fanfarenzug aktiv beitreten, ohne dass sie mit einem &#8218;Fanfarenz\u00fcgler&#8216; verheiratet sein m\u00fcssen.<\/span><\/p>\n<p><span style=\"font-size: 12pt;\">1991 trennten sich dann die gesetzlichen Wege der FGZ und des Fanfarenzugs. Der Fanfarenzug wurde im Vereinsregister als Verein eingetragen und war somit selbst\u00e4ndig.<\/span><\/p>\n<p><span style=\"font-size: 12pt;\">12 Jahre nach der letzten Weltreise war 1998 die Steubenparade in New York wieder das auserkorene Reiseziel.<\/span><\/p>\n<p><span style=\"font-size: 12pt;\">Nach dem 40-j\u00e4hrigen Jubil\u00e4um 1999 galt es ein neues Probelokal zu finden, da die Werkrealschule die Vereinsr\u00e4ume ben\u00f6tigte. Nach langer Ungewissheit fand man zusammen mit der Stadt Zell das neue Domizil im Turbinenhaus am Todtnauerliweg. In weit \u00fcber 6000 Arbeitsstunden wurde nach Pl\u00e4nen und unter Regie von Roger Mistry und Volkmar Bialas das Haus renoviert, umgebaut und probentauglich gemacht. Am 01.05.2002 wurden die R\u00e4ume mit einem Tag der offenen T\u00fcr der Bev\u00f6lkerung vorgestellt. Der Bau stellte auch eine finanzielle Nagelprobe f\u00fcr den Verein dar, welche jedoch ohne Fremdkapital bestanden werden konnte.<\/span><\/p>\n<p><span style=\"font-size: 12pt;\">Nach kurzer Erholungsphase reizte dieses Mal f\u00fcr die 5. Weltreise der Osten. Im Oktober 2007 besuchte der Verein 15 Tage lang Shanghai und Umgebung und lernte dabei eine v\u00f6llig andere Kultur kennen.<\/span><\/p>\n<p><span style=\"font-size: 12pt;\">Im Jahr 2009 wurde dann das 50-j\u00e4hrige Jubil\u00e4um gro\u00df gefeiert. Erstmals bauten die Aktiven zur Zeller Fasnacht einen Fasnachtswagen mit dem auf das gro\u00dfe Jubil\u00e4umsfest am 11.+12.07.09 hingewiesen wurde. Das besondere daran war, dass an beiden Hauptumz\u00fcgen die Aktiven auf dem Wagen mitfahren konnten. Vor dem Jubil\u00e4umsfest fand im Mai noch der Festakt im kath. Pfarrsaal statt. Im Oktober traf man sich dann noch mit allen Helfern zu einem Helferfest im Probelokal.<\/span><\/p>\n<p><span style=\"font-size: 12pt;\">Sechs Jahre sp\u00e4ter machte sich der Verein dann wieder zur n\u00e4chsten Weltreise auf. Brasilien mit der Stadt Rio de Janeiro und den Iguazu Wasserf\u00e4llen war das Ziel. Nach einem kurzfristig organisierten Auftritt auf der argentinischen Seite der Wasserf\u00e4lle wurde unser Reiseleiter kurzzeitig verhaftet. Den Park-Rangern passte unsere Spontanit\u00e4t nicht. Nach rund einer Stunde Wartezeit konnten wir ihn dann wieder in unseren Bus aufnehmen. Beim Besuch der weltber\u00fchmten Christus Statue in Rio war leider der Corcovado so im Nebel, dass auch direkt an der Statue diese nur schwer zu erkennen war. Das erhoffte Gruppenfoto musste daher an die Copa Cabana verlegt werden.<\/span><\/p>\n<p><span style=\"font-size: 12pt;\">Ab 2014 war der Besuch der Basel Tattoo Parade ein fast j\u00e4hrlicher H\u00f6hepunkt im Vereinsleben. 120 \u2013 140.000 Zuschauer verfolgen das gr\u00f6\u00dfte multikulti Musikspektakel am Oberrhein. F\u00fcnf Mal waren wir dabei, kein anderer Deutscher Verein vertrat bis dato \u00f6fters die Deutschen Farben bei dieser internationalen Parade mit Teilnehmern aus allen Teilen dieser Welt.<\/span><\/p>\n<p><span style=\"font-size: 12pt;\">Am 31.05. und 01.06.14 feierten wir unser fasn\u00e4chtliches 55-j\u00e4hrige Bestehen. Dabei war der Ablauf analog dem Fest zum F\u00fcnfzigj\u00e4hrigen Jubil\u00e4um. Erstmals luden wir dabei jedoch zu einem \u00f6kumenischen Gottesdienst in die Zeller St. Fridolins Kirche ein. Mehrere Vereine umrahmten dabei den Gottesdienst.<\/span><\/p>\n<p><span style=\"font-size: 12pt;\">Als Folge unserer Parade-Teilnahmen durften wir am 01.04.2016 an der Er\u00f6ffnung der M\u00e4nner Curling WM in Basel mitwirken.<\/span><\/p>\n<p><span style=\"font-size: 12pt;\">Seit 2017 hegen wir ein freundschaftliches Verh\u00e4ltnis ins italienische Piemont zu den Pifferi e Tamburi aus Baio Dora und den Amis D\u2018Albian aus Albiano d\u2019Ivrea.<\/span><\/p>\n<p><span style=\"font-size: 12pt;\">Zwischen den Weltreisen wurden inzwischen hunderte von Auftritten und Ausfl\u00fcgen ins nahe In- und Ausland unternommen. Stuttgart, Hamburg, Speyer, Basel, Lugano, Locarno, Winterthur, Embrun, Metz, Stra\u00dfburg, Chalon, Givry und Meran seien stellvertretend erw\u00e4hnt.<\/span><\/p>\n<p><span style=\"font-size: 12pt;\">2 Festh\u00fctten, die haupts\u00e4chlich am Zeller St\u00e4dtlifest benutzt wurden und werden, wurden mit viel Einsatz gebaut und bildeten in den vergangenen 30 Jahren das finanzielle R\u00fcckrad des Vereins.<\/span><\/p>\n<p><span style=\"font-size: 12pt;\">Wie zu den bisherigen Jubil\u00e4umsfesten sollte am 11.+12.07.2020 unser 60-j\u00e4hriges Bestehen zusammen mit dem Landesverbandstreffen des Landesverbandes der Spielmanns- und Fanfarenz\u00fcge in Baden-W\u00fcrttemberg 1957 e.V. sowie dem Zeller St\u00e4dtlifest gefeiert werden. Aufgrund der Covid-19 Pandemie musste das Fest jedoch leider abgesagt werden.<\/span><\/p>\n<hr \/>\n<p><span style=\"color: #ff0000;\">\u00a0<span style=\"font-size: 18pt;\"><span style=\"text-decoration: underline;\">Vereinsvorst\u00e4nde<\/span><\/span><\/span><\/p>\n<table>\n<tbody>\n<tr>\n<td width=\"140\"><span style=\"font-size: 12pt;\">1959 \u2013 1966\u00a0<\/span><\/td>\n<td width=\"170\"><span style=\"font-size: 12pt;\">keiner, Abt. der FGZ<\/span><\/td>\n<\/tr>\n<tr>\n<td width=\"140\"><span style=\"font-size: 12pt;\">1966 \u2013 1975<\/span><\/td>\n<td width=\"170\"><span style=\"font-size: 12pt;\">Herbert Kummle<\/span><\/td>\n<\/tr>\n<tr>\n<td width=\"140\"><span style=\"font-size: 12pt;\">1975 \u2013 1977<\/span><\/td>\n<td width=\"170\"><span style=\"font-size: 12pt;\">Heinz Helgert<\/span><\/td>\n<\/tr>\n<tr>\n<td width=\"140\"><span style=\"font-size: 12pt;\">1977 \u2013 1979<\/span><\/td>\n<td width=\"170\"><span style=\"font-size: 12pt;\">Rudi Schwarz<\/span><\/td>\n<\/tr>\n<tr>\n<td width=\"140\"><span style=\"font-size: 12pt;\">1979 \u2013 1983\u00a0<\/span><\/td>\n<td width=\"170\"><span style=\"font-size: 12pt;\">Karl Seger<\/span><\/td>\n<\/tr>\n<tr>\n<td width=\"140\"><span style=\"font-size: 12pt;\">1983 \u2013 1987<\/span><\/td>\n<td width=\"170\"><span style=\"font-size: 12pt;\">Heinz Helgert<\/span><\/td>\n<\/tr>\n<tr>\n<td width=\"140\"><span style=\"font-size: 12pt;\">1987 \u2013 1989<\/span><\/td>\n<td width=\"170\"><span style=\"font-size: 12pt;\">Rudi Schwarz<\/span><\/td>\n<\/tr>\n<tr>\n<td width=\"140\"><span style=\"font-size: 12pt;\">1989 \u2013 1995<\/span><\/td>\n<td width=\"170\"><span style=\"font-size: 12pt;\">Karl-Heinz Vollmer<\/span><\/td>\n<\/tr>\n<tr>\n<td width=\"140\"><span style=\"font-size: 12pt;\">1995 \u2013 2001<\/span><\/td>\n<td width=\"170\"><span style=\"font-size: 12pt;\">Volkmar Bialas<\/span><\/td>\n<\/tr>\n<tr>\n<td width=\"140\"><span style=\"font-size: 12pt;\">2001 \u2013 2011<\/span><\/td>\n<td width=\"170\"><span style=\"font-size: 12pt;\">Bernd Leimgruber<\/span><\/td>\n<\/tr>\n<tr>\n<td width=\"140\"><span style=\"font-size: 12pt;\">2011 \u2013 heute<\/span><\/td>\n<td width=\"170\"><span style=\"font-size: 12pt;\">Frank Hutschenreuter<\/span><\/td>\n<\/tr>\n<\/tbody>\n<\/table>\n<p><span style=\"color: #000000;\">\u00a0<\/span><\/p>\n<hr \/>\n<p><span style=\"color: #000000;\">\u00a0<\/span><span style=\"color: #ff0000; font-size: 18pt; text-decoration: underline;\">Tambourmajore und musikal. Leiter:<\/span><\/p>\n<table>\n<tbody>\n<tr>\n<td width=\"140\"><span style=\"font-size: 12pt;\">1959 \u2013 1965\u00a0<\/span><\/td>\n<td width=\"416\"><span style=\"font-size: 12pt;\">Hans Lauber, Siegfried Wrobel, Heinz Kroll, Gerold Vollherbst und Herold G\u00fcdemann<\/span><\/td>\n<\/tr>\n<tr>\n<td width=\"140\"><span style=\"font-size: 12pt;\">1965 \u2013 1974<\/span><\/td>\n<td width=\"416\"><span style=\"font-size: 12pt;\">Herold G\u00fcdemann<\/span><\/td>\n<\/tr>\n<tr>\n<td width=\"140\"><span style=\"font-size: 12pt;\">1974 \u2013 1987<\/span><\/td>\n<td width=\"416\"><span style=\"font-size: 12pt;\">G\u00fcnter St\u00f6ffler<\/span><\/td>\n<\/tr>\n<tr>\n<td width=\"140\"><span style=\"font-size: 12pt;\">1988 \u2013 heute<\/span><\/td>\n<td width=\"416\"><span style=\"font-size: 12pt;\">Raimund G\u00f6tz<\/span><\/td>\n<\/tr>\n<\/tbody>\n<\/table>\n<p><span style=\"color: #000000;\">\u00a0<\/span><\/p>\n<hr \/>\n","protected":false},"excerpt":{"rendered":"<p>Chronik Fanfarenzug Zell i. W. 1959 e.V. Von der Schlachthausmusik zum Weltenbummler, 1959 machte sich der damalige Pr\u00e4sident der Fasnachtsgesellschaft Zell (FGZ), Peter Pospiech, ernsthafte Gedanken um die Gr\u00fcndung einer eigenen Musikgruppe f\u00fcr die 5. Zeller Jahreszeit. Da es damals Mode war Fanfarenz\u00fcge zu gr\u00fcnden, entschloss sich auch die FGZ einen solchen Fanfarenzug mit Leben [&hellip;]<\/p>\n","protected":false},"author":5,"featured_media":0,"parent":0,"menu_order":0,"comment_status":"closed","ping_status":"closed","template":"","meta":{"footnotes":""},"class_list":["post-95","page","type-page","status-publish","hentry"],"_links":{"self":[{"href":"https:\/\/fanfarenzug-zell.de\/index.php?rest_route=\/wp\/v2\/pages\/95","targetHints":{"allow":["GET"]}}],"collection":[{"href":"https:\/\/fanfarenzug-zell.de\/index.php?rest_route=\/wp\/v2\/pages"}],"about":[{"href":"https:\/\/fanfarenzug-zell.de\/index.php?rest_route=\/wp\/v2\/types\/page"}],"author":[{"embeddable":true,"href":"https:\/\/fanfarenzug-zell.de\/index.php?rest_route=\/wp\/v2\/users\/5"}],"replies":[{"embeddable":true,"href":"https:\/\/fanfarenzug-zell.de\/index.php?rest_route=%2Fwp%2Fv2%2Fcomments&post=95"}],"version-history":[{"count":42,"href":"https:\/\/fanfarenzug-zell.de\/index.php?rest_route=\/wp\/v2\/pages\/95\/revisions"}],"predecessor-version":[{"id":2377,"href":"https:\/\/fanfarenzug-zell.de\/index.php?rest_route=\/wp\/v2\/pages\/95\/revisions\/2377"}],"wp:attachment":[{"href":"https:\/\/fanfarenzug-zell.de\/index.php?rest_route=%2Fwp%2Fv2%2Fmedia&parent=95"}],"curies":[{"name":"wp","href":"https:\/\/api.w.org\/{rel}","templated":true}]}}